{"id":5259,"date":"2022-09-19T08:21:20","date_gmt":"2022-09-19T06:21:20","guid":{"rendered":"https:\/\/gl9.shop\/politica-de-cookies\/"},"modified":"2023-08-28T12:35:21","modified_gmt":"2023-08-28T10:35:21","slug":"politica-de-cookies","status":"publish","type":"page","link":"https:\/\/gl9.shop\/es\/politica-de-cookies\/","title":{"rendered":"Pol\u00edtica de cookies"},"content":{"rendered":"\t\t<div data-elementor-type=\"wp-page\" data-elementor-id=\"5259\" class=\"elementor elementor-5259 elementor-2461\" data-elementor-post-type=\"page\">\n\t\t\t\t\t\t<section class=\"elementor-section elementor-top-section elementor-element elementor-element-284636f4 elementor-section-boxed elementor-section-height-default elementor-section-height-default\" data-id=\"284636f4\" data-element_type=\"section\" data-e-type=\"section\">\n\t\t\t\t\t\t<div class=\"elementor-container elementor-column-gap-default\">\n\t\t\t\t\t<div class=\"elementor-column elementor-col-100 elementor-top-column elementor-element elementor-element-6c5e96b4\" data-id=\"6c5e96b4\" data-element_type=\"column\" data-e-type=\"column\">\n\t\t\t<div class=\"elementor-widget-wrap elementor-element-populated\">\n\t\t\t\t\t\t<div class=\"elementor-element elementor-element-1d9e55fb elementor-widget elementor-widget-text-editor\" data-id=\"1d9e55fb\" data-element_type=\"widget\" data-e-type=\"widget\" data-widget_type=\"text-editor.default\">\n\t\t\t\t<div class=\"elementor-widget-container\">\n\t\t\t\t\t\t\t\t\t\n<p>El objeto de nuestra Pol\u00edtica de Cookies es describir los tipos de cookies que utiliza el sitio web www.gl9.shop (en adelante, el \u00abSitio\u00bb), las finalidades de las cookies instaladas y las formas en que el Usuario puede seleccionar o deseleccionar las cookies presentes en el Sitio y beneficiarse de los servicios ofrecidos. Utilizamos cookies para hacer nuestro Sitio m\u00e1s f\u00e1cil e intuitivo. Los datos recogidos a trav\u00e9s de las cookies sirven para que la experiencia de navegaci\u00f3n sea m\u00e1s agradable y eficiente en el futuro.<br><br><strong>Qu\u00e9 son las cookies<\/strong><\/p>\n\n\n\n<p>Las cookies son peque\u00f1as cadenas de texto que las aplicaciones visitadas por el Usuario env\u00edan a su terminal (normalmente al navegador), donde se almacenan y se vuelven a transmitir a las mismas aplicaciones la pr\u00f3xima vez que las visite el mismo Usuario. El t\u00e9rmino cookie se refiere tanto a las cookies propiamente dichas como a todas las tecnolog\u00edas similares. Las cookies se utilizan para acceder m\u00e1s r\u00e1pidamente a los servicios en l\u00ednea y mejorar la experiencia de navegaci\u00f3n del Usuario mediante el seguimiento de la sesi\u00f3n, el almacenamiento de informaci\u00f3n del Usuario, la carga m\u00e1s r\u00e1pida del contenido, etc.<\/p>\n\n\n\n<p><strong>Tipos de cookies<\/strong><\/p>\n\n\n\n<ul><li>Las cookies pueden ser:<ul><li>Cookies de origen: son las cookies propias utilizadas por el Sitio para permitir al Usuario una navegaci\u00f3n m\u00e1s eficiente y\/o para monitorizar las acciones del Usuario;<\/li><li>Cookies de terceros: son cookies establecidas por un sitio distinto del que est\u00e1 visitando en ese momento para permitirle una navegaci\u00f3n m\u00e1s eficiente y\/o controlar sus acciones.<\/li><li>Cookies t\u00e9cnicas y anal\u00edticas: se trata de cookies relacionadas con actividades estrictamente necesarias para el funcionamiento y la prestaci\u00f3n del servicio (por ejemplo, cookies de sesi\u00f3n para iniciar sesi\u00f3n), cookies relacionadas con el almacenamiento de preferencias y actividades de optimizaci\u00f3n (por ejemplo, cookies para guardar la cesta de la compra o las opciones de idioma\/moneda, etc.), cookies anal\u00edticas para recopilar informaci\u00f3n de forma an\u00f3nima y agregada.<\/li><\/ul><\/li><li>Las cookies t\u00e9cnicas incluyen:<ul><li>Cookies de sesi\u00f3n o navegaci\u00f3n: se utilizan para hacer un seguimiento de la actividad del Usuario en la web. Garantizan la navegaci\u00f3n y el uso normal del Sitio, permitiendo, por ejemplo, una navegaci\u00f3n m\u00e1s r\u00e1pida, la realizaci\u00f3n de una compra o la autenticaci\u00f3n para el acceso a \u00e1reas restringidas, y son de hecho necesarias para su correcto funcionamiento;<\/li><li>Cookies de funcionalidad: permiten al Usuario navegar en funci\u00f3n de una serie de criterios seleccionados (por ejemplo, idioma, productos seleccionados para la compra, etc.) con el fin de mejorar el servicio que se le presta;<\/li><li>Cookies anal\u00edticas: utilizadas para recopilar informaci\u00f3n sobre el uso del Sitio. El Responsable del Tratamiento utiliza esta informaci\u00f3n para realizar an\u00e1lisis estad\u00edsticos, mejorar el Sitio y simplificar su uso, as\u00ed como para supervisar su correcto funcionamiento. Este tipo de cookie recoge informaci\u00f3n de forma an\u00f3nima sobre la actividad de los Usuarios en el Sitio y sobre c\u00f3mo llegaron al Sitio y las p\u00e1ginas que visitaron. Las cookies de esta categor\u00eda se env\u00edan desde el propio Sitio o desde dominios de terceros. Las cookies anal\u00edticas pueden ser:<ul><li>Cookies anal\u00edticas de origen: son tratadas del mismo modo que las cookies t\u00e9cnicas en t\u00e9rminos normativos si son utilizadas directamente por el Propietario del Sitio sin crear perfiles del Usuario, sino \u00fanicamente para recopilar informaci\u00f3n, de forma agregada y an\u00f3nima, sobre el n\u00famero de Usuarios y c\u00f3mo visitan el Sitio con fines estad\u00edsticos y para mejorar el rendimiento del Sitio;<\/li><li>Cookies anal\u00edticas de terceros: son las puestas a disposici\u00f3n por terceros y se asimilan a las cookies t\u00e9cnicas si los terceros no realizan la elaboraci\u00f3n de perfiles del Usuario mediante el uso de herramientas adecuadas para reducir el poder de identificaci\u00f3n de las cookies (por ejemplo, enmascarando partes significativas de la direcci\u00f3n IP) y sin cruzar la informaci\u00f3n recabada con otras de las que ya dispongan.En el caso de las cookies t\u00e9cnicas, s\u00f3lo se requiere la Pol\u00edtica de Cookies sin necesidad de solicitar el consentimiento. Deshabilitarlas o eliminarlas, accediendo a las funciones de su navegador, podr\u00eda comprometer una navegaci\u00f3n \u00f3ptima en este Sitio.<\/li><li>Cookies de perfil: se utilizan para monitorizar la navegaci\u00f3n web del Usuario y crear un perfil de sus h\u00e1bitos:<\/li><li>Cookies de elaboraci\u00f3n de perfiles de origen: instaladas por el Responsable del Tratamiento para crear perfiles del Usuario con el fin de enviar mensajes publicitarios acordes con las preferencias manifestadas al navegar por la web. Dada su especial invasividad en la esfera privada de los usuarios, la legislaci\u00f3n aplicable exige que el Usuario, previa informaci\u00f3n adecuada sobre su uso, preste su consentimiento;<\/li><li>Cookies de perfiles de terceros: utilizadas por terceros que acceden a la informaci\u00f3n en texto plano, es decir, no de forma an\u00f3nima y agregada, y la cruzan con otros datos que ya obran en su poder. El Sitio no tiene control directo sobre las cookies individuales de terceros. Por lo tanto, se invita al Usuario a consultar el sitio web del tercero para obtener informaci\u00f3n sobre las cookies.<\/li><li>El uso de estas cookies requiere el consentimiento previo del Usuario.<\/li><\/ul><\/li><\/ul><\/li><\/ul>\n\n\n\n<p>Cookies instaladas<\/p>\n\n\n\n<p>Las cookies de este Sitio son:<\/p>\n\n\n\n<ul><li>cookies t\u00e9cnicas y anal\u00edticas necesarias para el funcionamiento del Sitio, para el an\u00e1lisis estad\u00edstico agregado, para mejorar y simplificar el uso del Sitio y para guardar las preferencias de navegaci\u00f3n y optimizar la experiencia de navegaci\u00f3n del Usuario;<\/li><li>cookies de terceros que pueden llevar a cabo la elaboraci\u00f3n de perfiles y el seguimiento del Usuario incluso sin el conocimiento del Responsable del tratamiento. Para m\u00e1s informaci\u00f3n, consulte atentamente las pol\u00edticas de privacidad de cada uno de los servicios que se enumeran a continuaci\u00f3n.<\/li><\/ul>\n\n\n\n<p>A continuaci\u00f3n figura una lista de las cookies de terceros presentes en este Sitio:<\/p>\n\n\n\n<ul><li>Google Analytics con IP anonimizada<\/li><li>Google Analytics es un servicio prestado por Google Inc. que utiliza cookies para medir las visitas al sitio y las compras realizadas con fines de an\u00e1lisis. Las direcciones IP de los usuarios ser\u00e1n anonimizadas. Para m\u00e1s informaci\u00f3n, consulte: https:\/\/policies.google.com\/privacy<\/li><li>Google Adwords RemarketingGoogle Adwords Remarketing es un servicio prestado por Google Inc. que utiliza cookies para estudiar y mejorar la publicidad, con acciones de remarketing, con el fin de enviar al Usuario mensajes acordes con sus intereses.El remarketing ayuda a llegar a los Usuarios que han visitado el Sitio.Para m\u00e1s informaci\u00f3n, consulte: https:\/\/policies.google.com\/privacy<\/li><li>Google AdWords con seguimiento de conversionesEl seguimiento de conversiones de Google AdWords es un servicio estad\u00edstico proporcionado por Google Inc. que muestra lo que ocurre despu\u00e9s de que un cliente haya hecho clic en sus anuncios. Para m\u00e1s informaci\u00f3n, visite: https:\/\/policies.google.com\/privacy<\/li><\/ul>\n\n\n\n<p>Duraci\u00f3n de las cookies<\/p>\n\n\n\n<p>Las cookies tienen una vida \u00fatil dictada por la fecha de caducidad o por una acci\u00f3n espec\u00edfica, como cerrar el navegador, establecida en el momento de su instalaci\u00f3n. Las cookies pueden ser:<\/p>\n\n\n\n<ul><li>temporales o de sesi\u00f3n: se utilizan para almacenar informaci\u00f3n temporal, permiten enlazar con acciones realizadas durante una sesi\u00f3n concreta y se eliminan del ordenador cuando se cierra el navegador;<\/li><li>persistentes: se utilizan para almacenar informaci\u00f3n, como el nombre de usuario y la contrase\u00f1a, para que el Usuario no tenga que volver a escribirlos cada vez que visita un sitio espec\u00edfico. Estas permanecen almacenadas en el ordenador incluso despu\u00e9s de cerrar el navegador. Todo ello sin perjuicio del derecho del Usuario a modificar en cualquier momento las opciones elegidas.<\/li><\/ul>\n\n\n\n<p>Manifestaci\u00f3n de consentimiento<\/p>\n\n\n\n<p>En el caso de las cookies que requieren consentimiento, la primera vez que el Usuario visite el Sitio, ver\u00e1 autom\u00e1ticamente un banner que contiene tanto el enlace a este aviso de informaci\u00f3n completa como la solicitud de expresi\u00f3n del consentimiento para el uso de cookies.<br>Puede modificar o revocar su consentimiento en cualquier momento.<\/p>\n\n\n\n<p>C\u00f3mo desactivar las cookies<\/p>\n\n\n\n<p>Los usuarios pueden gestionar sus preferencias de cookies directamente en su navegador e impedir que terceros instalen cookies.<br>Tambi\u00e9n puede eliminar las cookies instaladas en el pasado a trav\u00e9s de las preferencias de su navegador, incluida la cookie en la que puede haber guardado su consentimiento para la instalaci\u00f3n de cookies por parte de este Sitio. Si desactiva todas las cookies, el funcionamiento de este Sitio puede verse afectado.<\/p>\n\n\n\n<p>El Usuario puede encontrar informaci\u00f3n y ejercer su derecho a oponerse al rastreo de cookies en su navegador en las siguientes direcciones:<\/p>\n\n\n\n<ul><li>Internet Explorer: http:\/\/windows.microsoft.com\/internet-explorer\/delete-manage-cookies<\/li><li>Google Chrome: https:\/\/support.google.com\/chrome\/answer\/95647<\/li><li>Mozilla Firefox: https:\/\/support.mozilla.org\/kb\/enable-and-disable-cookies-website-preferences<\/li><li>Opera: https:\/\/www.opera.com\/help\/tutorials\/security\/privacy\/<\/li><li>Apple Safari: https:\/\/support.apple.com\/guide\/safari\/manage-cookies-and-website-data-sfri11471<\/li><\/ul>\n\n\n\n<p>Adem\u00e1s, las cookies se pueden eliminar solicitando la exclusi\u00f3n voluntaria directamente a terceros o a trav\u00e9s del sitio http:\/\/www.youronlinechoices.com\/, donde es posible gestionar las preferencias de seguimiento de la mayor\u00eda de las herramientas publicitarias.<\/p>\n\n\n\n<p>Para cambiar la configuraci\u00f3n relacionada con las cookies Flash, puede hacer clic en el siguiente enlace https:\/\/www.macromedia.com\/support\/documentation\/en\/flashplayer\/help\/settings_manager07.html.<\/p>\n\n\n\n<p>Derechos de los usuarios<\/p>\n\n\n\n<p>Los usuarios pueden ejercer determinados derechos en relaci\u00f3n con los Datos tratados por el Titular. En particular, el Usuario tiene derecho a:<\/p>\n\n\n\n<ul><li>retirar el consentimiento en cualquier momento;<\/li><li>oponerse al procesamiento de sus Datos;<\/li><li>acceder a sus datos;<\/li><li>verificar y solicitar rectificaci\u00f3n;<\/li><li>obtener la limitaci\u00f3n del tratamiento;<\/li><li>obtener la cancelaci\u00f3n o eliminaci\u00f3n de sus Datos Personales;<\/li><li>recibir sus datos o hacer que se transfieran a otro titular;<\/li><li>presentar una reclamaci\u00f3n ante la autoridad de control en materia de protecci\u00f3n de datos personales y\/o actuar ante los tribunales.<\/li><\/ul>\n\n\n\n<p>Para ejercer sus derechos, los Usuarios pueden dirigir una solicitud a los datos de contacto del Titular indicados en este documento. Las solicitudes se realizan de forma gratuita y son procesadas por el Responsable del tratamiento lo antes posible, en cualquier caso dentro de los 30 d\u00edas.<\/p>\n\n\n\n<p>Para ejercer estos derechos, escriba al propietario <strong>Sir Company S.r.l<\/strong>, Via Roberto Campana, 17 &#8211; 64100 Teramo (TE).<\/p>\n\n\n\n<p>El Usuario puede consultar la Pol\u00edtica de Privacidad completa en la siguiente direcci\u00f3n: <a href=\"https:\/\/gl9.shop\/privacy-policy\/\">www.gl9.shop\/privacy-policy<\/a>.<\/p>\n\t\t\t\t\t\t\t\t<\/div>\n\t\t\t\t<\/div>\n\t\t\t\t\t<\/div>\n\t\t<\/div>\n\t\t\t\t\t<\/div>\n\t\t<\/section>\n\t\t\t\t<\/div>\n\t\t","protected":false},"excerpt":{"rendered":"<p>El objeto de nuestra Pol\u00edtica de Cookies es describir los tipos de cookies que utiliza el sitio web www.gl9.shop (en adelante, el \u00abSitio\u00bb), las finalidades de las cookies instaladas y las formas en que el Usuario puede seleccionar o deseleccionar las cookies presentes en el Sitio y beneficiarse de los servicios ofrecidos. Utilizamos cookies para [&hellip;]<\/p>\n","protected":false},"author":112,"featured_media":0,"parent":0,"menu_order":0,"comment_status":"closed","ping_status":"closed","template":"","meta":{"site-sidebar-layout":"default","site-content-layout":"","ast-site-content-layout":"default","site-content-style":"default","site-sidebar-style":"default","ast-global-header-display":"","ast-banner-title-visibility":"","ast-main-header-display":"","ast-hfb-above-header-display":"","ast-hfb-below-header-display":"","ast-hfb-mobile-header-display":"","site-post-title":"","ast-breadcrumbs-content":"","ast-featured-img":"","footer-sml-layout":"","ast-disable-related-posts":"","theme-transparent-header-meta":"","adv-header-id-meta":"","stick-header-meta":"","header-above-stick-meta":"","header-main-stick-meta":"","header-below-stick-meta":"","astra-migrate-meta-layouts":"default","ast-page-background-enabled":"default","ast-page-background-meta":{"desktop":{"background-color":"var(--ast-global-color-4)","background-image":"","background-repeat":"repeat","background-position":"center center","background-size":"auto","background-attachment":"scroll","background-type":"","background-media":"","overlay-type":"","overlay-color":"","overlay-opacity":"","overlay-gradient":""},"tablet":{"background-color":"","background-image":"","background-repeat":"repeat","background-position":"center center","background-size":"auto","background-attachment":"scroll","background-type":"","background-media":"","overlay-type":"","overlay-color":"","overlay-opacity":"","overlay-gradient":""},"mobile":{"background-color":"","background-image":"","background-repeat":"repeat","background-position":"center center","background-size":"auto","background-attachment":"scroll","background-type":"","background-media":"","overlay-type":"","overlay-color":"","overlay-opacity":"","overlay-gradient":""}},"ast-content-background-meta":{"desktop":{"background-color":"var(--ast-global-color-5)","background-image":"","background-repeat":"repeat","background-position":"center center","background-size":"auto","background-attachment":"scroll","background-type":"","background-media":"","overlay-type":"","overlay-color":"","overlay-opacity":"","overlay-gradient":""},"tablet":{"background-color":"var(--ast-global-color-5)","background-image":"","background-repeat":"repeat","background-position":"center center","background-size":"auto","background-attachment":"scroll","background-type":"","background-media":"","overlay-type":"","overlay-color":"","overlay-opacity":"","overlay-gradient":""},"mobile":{"background-color":"var(--ast-global-color-5)","background-image":"","background-repeat":"repeat","background-position":"center center","background-size":"auto","background-attachment":"scroll","background-type":"","background-media":"","overlay-type":"","overlay-color":"","overlay-opacity":"","overlay-gradient":""}},"_joinchat":[],"footnotes":""},"class_list":["post-5259","page","type-page","status-publish","hentry"],"yoast_head":"<!-- This site is optimized with the Yoast SEO plugin v27.3 - https:\/\/yoast.com\/product\/yoast-seo-wordpress\/ -->\n<title>Pol\u00edtica de cookies | GL9<\/title>\n<meta name=\"robots\" content=\"index, follow, max-snippet:-1, max-image-preview:large, max-video-preview:-1\" \/>\n<link rel=\"canonical\" href=\"https:\/\/gl9.shop\/es\/politica-de-cookies\/\" \/>\n<meta property=\"og:locale\" content=\"es_ES\" \/>\n<meta property=\"og:type\" content=\"article\" \/>\n<meta property=\"og:title\" content=\"Pol\u00edtica de cookies | GL9\" \/>\n<meta property=\"og:description\" content=\"El objeto de nuestra Pol\u00edtica de Cookies es describir los tipos de cookies que utiliza el sitio web www.gl9.shop (en adelante, el \u00abSitio\u00bb), las finalidades de las cookies instaladas y las formas en que el Usuario puede seleccionar o deseleccionar las cookies presentes en el Sitio y beneficiarse de los servicios ofrecidos. Utilizamos cookies para [&hellip;]\" \/>\n<meta property=\"og:url\" content=\"https:\/\/gl9.shop\/es\/politica-de-cookies\/\" \/>\n<meta property=\"og:site_name\" content=\"GL9\" \/>\n<meta property=\"article:modified_time\" content=\"2023-08-28T10:35:21+00:00\" \/>\n<meta name=\"twitter:card\" content=\"summary_large_image\" \/>\n<meta name=\"twitter:label1\" content=\"Tiempo de lectura\" \/>\n\t<meta name=\"twitter:data1\" content=\"9 minutos\" \/>\n<script type=\"application\/ld+json\" class=\"yoast-schema-graph\">{\"@context\":\"https:\\\/\\\/schema.org\",\"@graph\":[{\"@type\":\"WebPage\",\"@id\":\"https:\\\/\\\/gl9.shop\\\/es\\\/politica-de-cookies\\\/\",\"url\":\"https:\\\/\\\/gl9.shop\\\/es\\\/politica-de-cookies\\\/\",\"name\":\"Pol\u00edtica de cookies | GL9\",\"isPartOf\":{\"@id\":\"https:\\\/\\\/gl9.tempurl.host\\\/#website\"},\"datePublished\":\"2022-09-19T06:21:20+00:00\",\"dateModified\":\"2023-08-28T10:35:21+00:00\",\"breadcrumb\":{\"@id\":\"https:\\\/\\\/gl9.shop\\\/es\\\/politica-de-cookies\\\/#breadcrumb\"},\"inLanguage\":\"es\",\"potentialAction\":[{\"@type\":\"ReadAction\",\"target\":[\"https:\\\/\\\/gl9.shop\\\/es\\\/politica-de-cookies\\\/\"]}]},{\"@type\":\"BreadcrumbList\",\"@id\":\"https:\\\/\\\/gl9.shop\\\/es\\\/politica-de-cookies\\\/#breadcrumb\",\"itemListElement\":[{\"@type\":\"ListItem\",\"position\":1,\"name\":\"Home\",\"item\":\"https:\\\/\\\/gl9.shop\\\/es\\\/\"},{\"@type\":\"ListItem\",\"position\":2,\"name\":\"Pol\u00edtica de cookies\"}]},{\"@type\":\"WebSite\",\"@id\":\"https:\\\/\\\/gl9.tempurl.host\\\/#website\",\"url\":\"https:\\\/\\\/gl9.tempurl.host\\\/\",\"name\":\"GL9\",\"description\":\"Hurban hero style for people\",\"publisher\":{\"@id\":\"https:\\\/\\\/gl9.tempurl.host\\\/#organization\"},\"potentialAction\":[{\"@type\":\"SearchAction\",\"target\":{\"@type\":\"EntryPoint\",\"urlTemplate\":\"https:\\\/\\\/gl9.tempurl.host\\\/?s={search_term_string}\"},\"query-input\":{\"@type\":\"PropertyValueSpecification\",\"valueRequired\":true,\"valueName\":\"search_term_string\"}}],\"inLanguage\":\"es\"},{\"@type\":\"Organization\",\"@id\":\"https:\\\/\\\/gl9.tempurl.host\\\/#organization\",\"name\":\"Gianluca Lapadula E-commerce\",\"url\":\"https:\\\/\\\/gl9.tempurl.host\\\/\",\"logo\":{\"@type\":\"ImageObject\",\"inLanguage\":\"es\",\"@id\":\"https:\\\/\\\/gl9.tempurl.host\\\/#\\\/schema\\\/logo\\\/image\\\/\",\"url\":\"https:\\\/\\\/gl9.shop\\\/wp-content\\\/uploads\\\/2022\\\/07\\\/logo_black.png\",\"contentUrl\":\"https:\\\/\\\/gl9.shop\\\/wp-content\\\/uploads\\\/2022\\\/07\\\/logo_black.png\",\"width\":320,\"height\":320,\"caption\":\"Gianluca Lapadula E-commerce\"},\"image\":{\"@id\":\"https:\\\/\\\/gl9.tempurl.host\\\/#\\\/schema\\\/logo\\\/image\\\/\"},\"sameAs\":[\"https:\\\/\\\/www.instagram.com\\\/gl9_official\\\/\"]}]}<\/script>\n<!-- \/ Yoast SEO plugin. -->","yoast_head_json":{"title":"Pol\u00edtica de cookies | GL9","robots":{"index":"index","follow":"follow","max-snippet":"max-snippet:-1","max-image-preview":"max-image-preview:large","max-video-preview":"max-video-preview:-1"},"canonical":"https:\/\/gl9.shop\/es\/politica-de-cookies\/","og_locale":"es_ES","og_type":"article","og_title":"Pol\u00edtica de cookies | GL9","og_description":"El objeto de nuestra Pol\u00edtica de Cookies es describir los tipos de cookies que utiliza el sitio web www.gl9.shop (en adelante, el \u00abSitio\u00bb), las finalidades de las cookies instaladas y las formas en que el Usuario puede seleccionar o deseleccionar las cookies presentes en el Sitio y beneficiarse de los servicios ofrecidos. Utilizamos cookies para [&hellip;]","og_url":"https:\/\/gl9.shop\/es\/politica-de-cookies\/","og_site_name":"GL9","article_modified_time":"2023-08-28T10:35:21+00:00","twitter_card":"summary_large_image","twitter_misc":{"Tiempo de lectura":"9 minutos"},"schema":{"@context":"https:\/\/schema.org","@graph":[{"@type":"WebPage","@id":"https:\/\/gl9.shop\/es\/politica-de-cookies\/","url":"https:\/\/gl9.shop\/es\/politica-de-cookies\/","name":"Pol\u00edtica de cookies | GL9","isPartOf":{"@id":"https:\/\/gl9.tempurl.host\/#website"},"datePublished":"2022-09-19T06:21:20+00:00","dateModified":"2023-08-28T10:35:21+00:00","breadcrumb":{"@id":"https:\/\/gl9.shop\/es\/politica-de-cookies\/#breadcrumb"},"inLanguage":"es","potentialAction":[{"@type":"ReadAction","target":["https:\/\/gl9.shop\/es\/politica-de-cookies\/"]}]},{"@type":"BreadcrumbList","@id":"https:\/\/gl9.shop\/es\/politica-de-cookies\/#breadcrumb","itemListElement":[{"@type":"ListItem","position":1,"name":"Home","item":"https:\/\/gl9.shop\/es\/"},{"@type":"ListItem","position":2,"name":"Pol\u00edtica de cookies"}]},{"@type":"WebSite","@id":"https:\/\/gl9.tempurl.host\/#website","url":"https:\/\/gl9.tempurl.host\/","name":"GL9","description":"Hurban hero style for people","publisher":{"@id":"https:\/\/gl9.tempurl.host\/#organization"},"potentialAction":[{"@type":"SearchAction","target":{"@type":"EntryPoint","urlTemplate":"https:\/\/gl9.tempurl.host\/?s={search_term_string}"},"query-input":{"@type":"PropertyValueSpecification","valueRequired":true,"valueName":"search_term_string"}}],"inLanguage":"es"},{"@type":"Organization","@id":"https:\/\/gl9.tempurl.host\/#organization","name":"Gianluca Lapadula E-commerce","url":"https:\/\/gl9.tempurl.host\/","logo":{"@type":"ImageObject","inLanguage":"es","@id":"https:\/\/gl9.tempurl.host\/#\/schema\/logo\/image\/","url":"https:\/\/gl9.shop\/wp-content\/uploads\/2022\/07\/logo_black.png","contentUrl":"https:\/\/gl9.shop\/wp-content\/uploads\/2022\/07\/logo_black.png","width":320,"height":320,"caption":"Gianluca Lapadula E-commerce"},"image":{"@id":"https:\/\/gl9.tempurl.host\/#\/schema\/logo\/image\/"},"sameAs":["https:\/\/www.instagram.com\/gl9_official\/"]}]}},"_links":{"self":[{"href":"https:\/\/gl9.shop\/es\/wp-json\/wp\/v2\/pages\/5259","targetHints":{"allow":["GET"]}}],"collection":[{"href":"https:\/\/gl9.shop\/es\/wp-json\/wp\/v2\/pages"}],"about":[{"href":"https:\/\/gl9.shop\/es\/wp-json\/wp\/v2\/types\/page"}],"author":[{"embeddable":true,"href":"https:\/\/gl9.shop\/es\/wp-json\/wp\/v2\/users\/112"}],"replies":[{"embeddable":true,"href":"https:\/\/gl9.shop\/es\/wp-json\/wp\/v2\/comments?post=5259"}],"version-history":[{"count":0,"href":"https:\/\/gl9.shop\/es\/wp-json\/wp\/v2\/pages\/5259\/revisions"}],"wp:attachment":[{"href":"https:\/\/gl9.shop\/es\/wp-json\/wp\/v2\/media?parent=5259"}],"curies":[{"name":"wp","href":"https:\/\/api.w.org\/{rel}","templated":true}]}}