{"id":5290,"date":"2022-05-25T09:42:33","date_gmt":"2022-05-25T07:42:33","guid":{"rendered":"https:\/\/gl9.shop\/terminos-y-condiciones\/"},"modified":"2023-08-28T15:52:13","modified_gmt":"2023-08-28T13:52:13","slug":"terminos-y-condiciones","status":"publish","type":"page","link":"https:\/\/gl9.shop\/es\/terminos-y-condiciones\/","title":{"rendered":"T\u00e9rminos y condiciones"},"content":{"rendered":"\t\t<div data-elementor-type=\"wp-page\" data-elementor-id=\"5290\" class=\"elementor elementor-5290 elementor-3\" data-elementor-post-type=\"page\">\n\t\t\t\t\t\t<section class=\"elementor-section elementor-top-section elementor-element elementor-element-4362c89f elementor-section-boxed elementor-section-height-default elementor-section-height-default\" data-id=\"4362c89f\" data-element_type=\"section\" data-e-type=\"section\">\n\t\t\t\t\t\t<div class=\"elementor-container elementor-column-gap-default\">\n\t\t\t\t\t<div class=\"elementor-column elementor-col-100 elementor-top-column elementor-element elementor-element-1bb0bdbe\" data-id=\"1bb0bdbe\" data-element_type=\"column\" data-e-type=\"column\">\n\t\t\t<div class=\"elementor-widget-wrap elementor-element-populated\">\n\t\t\t\t\t\t<div class=\"elementor-element elementor-element-6a5e3808 elementor-widget elementor-widget-text-editor\" data-id=\"6a5e3808\" data-element_type=\"widget\" data-e-type=\"widget\" data-widget_type=\"text-editor.default\">\n\t\t\t\t<div class=\"elementor-widget-container\">\n\t\t\t\t\t\t\t\t\t\n<p>El presente documento tiene como finalidad informar a los Usuarios respecto de los Datos Personales recogidos desde el sitio web www.gl9.shop (en adelante la \u00abAplicaci\u00f3n\u00bb).<\/p>\n\n\n\n<p>El Responsable del tratamiento, seg\u00fan se identificar\u00e1 posteriormente, podr\u00e1 modificar o simplemente actualizar, total o parcialmente, esta Informaci\u00f3n informando a los Usuarios. Los cambios y actualizaciones ser\u00e1n vinculantes tan pronto como se publiquen en la Aplicaci\u00f3n. Por tanto, se invita al Usuario a leer la Pol\u00edtica de Privacidad cada vez que acceda a la Aplicaci\u00f3n.<\/p>\n\n\n\n<p>En caso de no aceptaci\u00f3n de los cambios realizados en esta Pol\u00edtica de Privacidad, el Usuario deber\u00e1 dejar de utilizar esta Aplicaci\u00f3n y podr\u00e1 solicitar al Responsable del Tratamiento que elimine sus Datos Personales.<\/p>\n\n\n\n<p><strong>Datos personales recopilados por la Aplicaci\u00f3n<\/strong><\/p>\n\n\n\n<p>El Responsable del Tratamiento recoge los siguientes tipos de Datos Personales:<\/p>\n\n\n\n<p><strong>Datos y contenidos adquiridos autom\u00e1ticamente durante el uso de la Aplicaci\u00f3n<\/strong><\/p>\n\n\n\n<ul><li>Datos t\u00e9cnicos: los sistemas inform\u00e1ticos y los procedimientos de software utilizados para operar esta Aplicaci\u00f3n pueden adquirir, durante su funcionamiento normal, algunos<\/li><li>Datos Personales cuya transmisi\u00f3n est\u00e9 impl\u00edcita en el uso de protocolos de comunicaci\u00f3n de Internet. Se trata de informaci\u00f3n que no se recopila para asociarse con Usuarios identificados, pero que por su propia naturaleza podr\u00eda, mediante el procesamiento y la asociaci\u00f3n con Datos en poder de terceros, permitir identificar a los Usuarios. Esta categor\u00eda incluye las direcciones IP o nombres de dominio utilizados por los Usuarios que se conectan a la Aplicaci\u00f3n, las direcciones en notaci\u00f3n URI (Identificador uniforme de recursos) de los recursos solicitados, la hora de la solicitud, el m\u00e9todo utilizado para enviar la solicitud a el servidor, el tama\u00f1o del archivo obtenido, etc.<\/li><li>Datos de uso: Tambi\u00e9n se podr\u00e1n recopilar datos relativos al uso de la Aplicaci\u00f3n por parte del Usuario, como por ejemplo las p\u00e1ginas visitadas, las acciones realizadas, las funciones y servicios utilizados.<\/li><li>Datos de geolocalizaci\u00f3n: la Aplicaci\u00f3n puede recopilar Datos de ubicaci\u00f3n, que pueden ser precisos o inexactos. Los datos de ubicaci\u00f3n precisos pueden ser datos del sistema global de navegaci\u00f3n por sat\u00e9lite (GNSS), como datos de GPS, as\u00ed como datos que identifican la torre de telefon\u00eda m\u00f3vil, los puntos de acceso Wi-Fi y Bluetooth m\u00e1s cercanos, comunicados cuando habilita la posici\u00f3n de funciones o productos basados \u200b\u200ben la ubicaci\u00f3n.<\/li><\/ul>\n\n\n\n<p><strong>Datos personales recopilados a trav\u00e9s de cookies o tecnolog\u00edas similares<\/strong><\/p>\n\n\n\n<p>Esta Aplicaci\u00f3n utiliza cookies, balizas web, identificadores \u00fanicos y otras tecnolog\u00edas similares para recopilar datos sobre las p\u00e1ginas, los enlaces visitados y otras acciones que realiza cuando utiliza nuestros Servicios, dentro de la publicidad o el contenido del correo electr\u00f3nico. Se memorizan para luego ser retransmitidos a los mismos sitios en la pr\u00f3xima visita del mismo Usuario. El Usuario puede consultar la Pol\u00edtica de Cookies completa en la siguiente direcci\u00f3n: www.gl9.shop\/privacy-policy.<\/p>\n\n\n\n<p><strong>Objetivo<\/strong><\/p>\n\n\n\n<p>Los Datos Personales recopilados pueden utilizarse para la ejecuci\u00f3n de obligaciones contractuales y precontractuales y para obligaciones legales, as\u00ed como para las siguientes finalidades:<\/p>\n\n\n\n<ul><li>ver contenido desde plataformas externas<\/li><li>estad\u00edsticas solo con datos an\u00f3nimos<\/li><li>acceso a cuentas en servicios de terceros<\/li><li>seguimiento, an\u00e1lisis y seguimiento del comportamiento del Usuario<\/li><li>seguimiento, an\u00e1lisis y seguimiento del comportamiento del Usuario<\/li><li>personalizaci\u00f3n de la experiencia del usuario<\/li><li>Geolocalizaci\u00f3n del usuario para permitir una b\u00fasqueda r\u00e1pida de los puntos de venta m\u00e1s cercanos<\/li><\/ul>\n\n\n\n<p><strong>M\u00e9todos de tratamiento<\/strong><\/p>\n\n\n\n<p>El tratamiento de Datos Personales se realiza mediante herramientas inform\u00e1ticas y\/o telem\u00e1ticas, con m\u00e9todos organizativos y con una l\u00f3gica estrictamente relacionada con las finalidades indicadas.<\/p>\n\n\n\n<p>En algunos casos, tambi\u00e9n pueden tener acceso a los Datos Personales sujetos involucrados en la organizaci\u00f3n del Responsable del Tratamiento (como, por ejemplo, directivos de personal, empleados del \u00e1rea de ventas, administradores de sistemas, etc.) o sujetos externos (como empresas de TI, proveedores de servicios, transportistas postales, proveedores de hosting, etc.). Cuando sea necesario, estos sujetos podr\u00e1n ser designados como Encargados del Tratamiento por el Responsable del Tratamiento, as\u00ed como acceder a los Datos Personales de los Usuarios cuando sea necesario y estar\u00e1n obligados contractualmente a mantener la confidencialidad de los Datos Personales. La lista actualizada de Gerentes se puede solicitar v\u00eda correo electr\u00f3nico a info@gl9.com<\/p>\n\n\n\n<p><strong>Base jur\u00eddica del tratamiento<\/strong><\/p>\n\n\n\n<p>El Responsable del Tratamiento procesa Datos Personales relacionados con el Usuario en el caso de que exista una de las siguientes condiciones:<\/p>\n\n\n\n<ul><li>el Usuario ha dado su consentimiento para uno o m\u00e1s fines espec\u00edficos<\/li><li>el procesamiento es necesario para la persecuci\u00f3n del inter\u00e9s leg\u00edtimo del Responsable del tratamiento o de terceros<\/li><\/ul>\n\n\n\n<p>Sin embargo, siempre es posible pedir al Responsable del tratamiento que aclare la base jur\u00eddica concreta de cada tratamiento.<\/p>\n\n\n\n<p><strong>Lugar<\/strong><\/p>\n\n\n\n<p>Los Datos son tratados en las oficinas operativas del Responsable del Tratamiento y en cualquier otro lugar donde se encuentren las partes involucradas en el tratamiento. Para obtener m\u00e1s informaci\u00f3n, p\u00f3ngase en contacto con el Responsable del tratamiento en la siguiente direcci\u00f3n de correo electr\u00f3nico info@gl9.com o en la siguiente direcci\u00f3n postal <strong>Sir Company S.r.l<\/strong> Via Roberto Campana, 17, 64100 Teramo (TE)<\/p>\n\n\n\n<p><strong>Medidas de seguridad<\/strong><\/p>\n\n\n\n<p>El Tratamiento se realiza seg\u00fan m\u00e9todos y con herramientas adecuadas para garantizar la seguridad y confidencialidad de los Datos, ya que el Responsable del Tratamiento ha adoptado medidas t\u00e9cnicas y organizativas adecuadas que garantizan y permiten demostrar que el Tratamiento se realiza de conformidad con la legislaci\u00f3n de referencia.<\/p>\n\n\n\n<p><strong>Periodo de conservaci\u00f3n de datos<\/strong><\/p>\n\n\n\n<p>El Titular procesar\u00e1 los Datos Personales durante el tiempo necesario para cumplir los fines relacionados con la ejecuci\u00f3n del contrato entre el Titular y el Usuario a m\u00e1s tardar 20 a\u00f1os desde la terminaci\u00f3n de la relaci\u00f3n con el Usuario y en cualquier caso hasta la finalizaci\u00f3n de el plazo que establezca la normativa vigente.<\/p>\n\n\n\n<p>Cuando el tratamiento de Datos Personales sea necesario para la consecuci\u00f3n de un inter\u00e9s leg\u00edtimo del Responsable del Tratamiento, los Datos Personales se conservar\u00e1n hasta que se satisfaga dicho inter\u00e9s.<\/p>\n\n\n\n<p>Si el tratamiento de Datos Personales se basa en el consentimiento del Usuario, el Responsable del Tratamiento podr\u00e1 conservar los Datos Personales hasta que sean revocados por el mismo.<\/p>\n\n\n\n<p>Los Datos Personales podr\u00e1n conservarse por un per\u00edodo m\u00e1s prolongado si es necesario para cumplir con una obligaci\u00f3n legal o por orden de una autoridad.<\/p>\n\n\n\n<p>Todos los datos personales se eliminar\u00e1n al vencimiento del per\u00edodo de retenci\u00f3n. Transcurrido este plazo ya no podr\u00e1 ejercitarse el derecho de acceso, cancelaci\u00f3n, rectificaci\u00f3n y el derecho a la portabilidad de los datos.<\/p>\n\n\n\n<p><strong>Procesos automatizados de toma de decisiones<\/strong><\/p>\n\n\n\n<p>Todos los Datos recogidos no ser\u00e1n objeto de ning\u00fan proceso automatizado de toma de decisiones, incluida la elaboraci\u00f3n de perfiles, que pueda producir efectos jur\u00eddicos para la persona o que pueda afectarle significativamente.<\/p>\n\n\n\n<p><strong>Derechos de los usuarios<\/strong><\/p>\n\n\n\n<p>Los usuarios pueden ejercer determinados derechos en relaci\u00f3n con los Datos tratados por el Titular. En particular, el Usuario tiene derecho a:<\/p>\n\n\n\n<ul><li>retirar el consentimiento en cualquier momento;<\/li><li>oponerse al procesamiento de sus Datos;<\/li><li>acceder a sus datos;<\/li><li>verificar y solicitar rectificaci\u00f3n;<\/li><li>obtener la limitaci\u00f3n del tratamiento;<\/li><li>obtener la cancelaci\u00f3n de sus Datos Personales;<\/li><li>recibir sus datos o hacer que se transfieran a otro titular; presentar una denuncia ante la Autoridad de Control en materia de Protecci\u00f3n de Datos Personales y\/o actuar ante los tribunales.<\/li><\/ul>\n\n\n\n<p>Para ejercer sus derechos, los Usuarios pueden dirigir una solicitud a los datos de contacto del Titular indicados en este documento. Las solicitudes se realizan de forma gratuita y son procesadas por el Responsable del tratamiento lo antes posible, en cualquier caso dentro de los 30 d\u00edas.<\/p>\n\n\n\n<p><strong>Controlador de datos<\/strong><\/p>\n\n\n\n<p>El responsable del tratamiento es <strong>Sir Company S.r.l<\/strong>, Via Roberto Campana, 17 &#8211; 64100 Teramo (TE), c\u00f3digo fiscal\/n\u00famero de IVA 01967120674, direcci\u00f3n de correo electr\u00f3nico info@gl9.com<\/p>\n\t\t\t\t\t\t\t\t<\/div>\n\t\t\t\t<\/div>\n\t\t\t\t\t<\/div>\n\t\t<\/div>\n\t\t\t\t\t<\/div>\n\t\t<\/section>\n\t\t\t\t<\/div>\n\t\t","protected":false},"excerpt":{"rendered":"<p>El presente documento tiene como finalidad informar a los Usuarios respecto de los Datos Personales recogidos desde el sitio web www.gl9.shop (en adelante la \u00abAplicaci\u00f3n\u00bb). El Responsable del tratamiento, seg\u00fan se identificar\u00e1 posteriormente, podr\u00e1 modificar o simplemente actualizar, total o parcialmente, esta Informaci\u00f3n informando a los Usuarios. Los cambios y actualizaciones ser\u00e1n vinculantes tan pronto [&hellip;]<\/p>\n","protected":false},"author":112,"featured_media":0,"parent":0,"menu_order":0,"comment_status":"closed","ping_status":"closed","template":"","meta":{"site-sidebar-layout":"default","site-content-layout":"","ast-site-content-layout":"default","site-content-style":"default","site-sidebar-style":"default","ast-global-header-display":"","ast-banner-title-visibility":"","ast-main-header-display":"","ast-hfb-above-header-display":"","ast-hfb-below-header-display":"","ast-hfb-mobile-header-display":"","site-post-title":"","ast-breadcrumbs-content":"","ast-featured-img":"","footer-sml-layout":"","ast-disable-related-posts":"","theme-transparent-header-meta":"","adv-header-id-meta":"","stick-header-meta":"","header-above-stick-meta":"","header-main-stick-meta":"","header-below-stick-meta":"","astra-migrate-meta-layouts":"default","ast-page-background-enabled":"default","ast-page-background-meta":{"desktop":{"background-color":"var(--ast-global-color-4)","background-image":"","background-repeat":"repeat","background-position":"center center","background-size":"auto","background-attachment":"scroll","background-type":"","background-media":"","overlay-type":"","overlay-color":"","overlay-opacity":"","overlay-gradient":""},"tablet":{"background-color":"","background-image":"","background-repeat":"repeat","background-position":"center center","background-size":"auto","background-attachment":"scroll","background-type":"","background-media":"","overlay-type":"","overlay-color":"","overlay-opacity":"","overlay-gradient":""},"mobile":{"background-color":"","background-image":"","background-repeat":"repeat","background-position":"center center","background-size":"auto","background-attachment":"scroll","background-type":"","background-media":"","overlay-type":"","overlay-color":"","overlay-opacity":"","overlay-gradient":""}},"ast-content-background-meta":{"desktop":{"background-color":"var(--ast-global-color-5)","background-image":"","background-repeat":"repeat","background-position":"center center","background-size":"auto","background-attachment":"scroll","background-type":"","background-media":"","overlay-type":"","overlay-color":"","overlay-opacity":"","overlay-gradient":""},"tablet":{"background-color":"var(--ast-global-color-5)","background-image":"","background-repeat":"repeat","background-position":"center center","background-size":"auto","background-attachment":"scroll","background-type":"","background-media":"","overlay-type":"","overlay-color":"","overlay-opacity":"","overlay-gradient":""},"mobile":{"background-color":"var(--ast-global-color-5)","background-image":"","background-repeat":"repeat","background-position":"center center","background-size":"auto","background-attachment":"scroll","background-type":"","background-media":"","overlay-type":"","overlay-color":"","overlay-opacity":"","overlay-gradient":""}},"_joinchat":[],"footnotes":""},"class_list":["post-5290","page","type-page","status-publish","hentry"],"yoast_head":"<!-- This site is optimized with the Yoast SEO plugin v27.3 - https:\/\/yoast.com\/product\/yoast-seo-wordpress\/ -->\n<title>T\u00e9rminos y condiciones | GL9<\/title>\n<meta name=\"robots\" content=\"index, follow, max-snippet:-1, max-image-preview:large, max-video-preview:-1\" \/>\n<link rel=\"canonical\" href=\"https:\/\/gl9.shop\/es\/terminos-y-condiciones\/\" \/>\n<meta property=\"og:locale\" content=\"es_ES\" \/>\n<meta property=\"og:type\" content=\"article\" \/>\n<meta property=\"og:title\" content=\"T\u00e9rminos y condiciones | GL9\" \/>\n<meta property=\"og:description\" content=\"El presente documento tiene como finalidad informar a los Usuarios respecto de los Datos Personales recogidos desde el sitio web www.gl9.shop (en adelante la \u00abAplicaci\u00f3n\u00bb). El Responsable del tratamiento, seg\u00fan se identificar\u00e1 posteriormente, podr\u00e1 modificar o simplemente actualizar, total o parcialmente, esta Informaci\u00f3n informando a los Usuarios. Los cambios y actualizaciones ser\u00e1n vinculantes tan pronto [&hellip;]\" \/>\n<meta property=\"og:url\" content=\"https:\/\/gl9.shop\/es\/terminos-y-condiciones\/\" \/>\n<meta property=\"og:site_name\" content=\"GL9\" \/>\n<meta property=\"article:modified_time\" content=\"2023-08-28T13:52:13+00:00\" \/>\n<meta name=\"twitter:card\" content=\"summary_large_image\" \/>\n<meta name=\"twitter:label1\" content=\"Tiempo de lectura\" \/>\n\t<meta name=\"twitter:data1\" content=\"7 minutos\" \/>\n<script type=\"application\/ld+json\" class=\"yoast-schema-graph\">{\"@context\":\"https:\\\/\\\/schema.org\",\"@graph\":[{\"@type\":\"WebPage\",\"@id\":\"https:\\\/\\\/gl9.shop\\\/es\\\/terminos-y-condiciones\\\/\",\"url\":\"https:\\\/\\\/gl9.shop\\\/es\\\/terminos-y-condiciones\\\/\",\"name\":\"T\u00e9rminos y condiciones | GL9\",\"isPartOf\":{\"@id\":\"https:\\\/\\\/gl9.tempurl.host\\\/#website\"},\"datePublished\":\"2022-05-25T07:42:33+00:00\",\"dateModified\":\"2023-08-28T13:52:13+00:00\",\"breadcrumb\":{\"@id\":\"https:\\\/\\\/gl9.shop\\\/es\\\/terminos-y-condiciones\\\/#breadcrumb\"},\"inLanguage\":\"es\",\"potentialAction\":[{\"@type\":\"ReadAction\",\"target\":[\"https:\\\/\\\/gl9.shop\\\/es\\\/terminos-y-condiciones\\\/\"]}]},{\"@type\":\"BreadcrumbList\",\"@id\":\"https:\\\/\\\/gl9.shop\\\/es\\\/terminos-y-condiciones\\\/#breadcrumb\",\"itemListElement\":[{\"@type\":\"ListItem\",\"position\":1,\"name\":\"Home\",\"item\":\"https:\\\/\\\/gl9.shop\\\/es\\\/\"},{\"@type\":\"ListItem\",\"position\":2,\"name\":\"T\u00e9rminos y condiciones\"}]},{\"@type\":\"WebSite\",\"@id\":\"https:\\\/\\\/gl9.tempurl.host\\\/#website\",\"url\":\"https:\\\/\\\/gl9.tempurl.host\\\/\",\"name\":\"GL9\",\"description\":\"Hurban hero style for people\",\"publisher\":{\"@id\":\"https:\\\/\\\/gl9.tempurl.host\\\/#organization\"},\"potentialAction\":[{\"@type\":\"SearchAction\",\"target\":{\"@type\":\"EntryPoint\",\"urlTemplate\":\"https:\\\/\\\/gl9.tempurl.host\\\/?s={search_term_string}\"},\"query-input\":{\"@type\":\"PropertyValueSpecification\",\"valueRequired\":true,\"valueName\":\"search_term_string\"}}],\"inLanguage\":\"es\"},{\"@type\":\"Organization\",\"@id\":\"https:\\\/\\\/gl9.tempurl.host\\\/#organization\",\"name\":\"Gianluca Lapadula E-commerce\",\"url\":\"https:\\\/\\\/gl9.tempurl.host\\\/\",\"logo\":{\"@type\":\"ImageObject\",\"inLanguage\":\"es\",\"@id\":\"https:\\\/\\\/gl9.tempurl.host\\\/#\\\/schema\\\/logo\\\/image\\\/\",\"url\":\"https:\\\/\\\/gl9.shop\\\/wp-content\\\/uploads\\\/2022\\\/07\\\/logo_black.png\",\"contentUrl\":\"https:\\\/\\\/gl9.shop\\\/wp-content\\\/uploads\\\/2022\\\/07\\\/logo_black.png\",\"width\":320,\"height\":320,\"caption\":\"Gianluca Lapadula E-commerce\"},\"image\":{\"@id\":\"https:\\\/\\\/gl9.tempurl.host\\\/#\\\/schema\\\/logo\\\/image\\\/\"},\"sameAs\":[\"https:\\\/\\\/www.instagram.com\\\/gl9_official\\\/\"]}]}<\/script>\n<!-- \/ Yoast SEO plugin. -->","yoast_head_json":{"title":"T\u00e9rminos y condiciones | GL9","robots":{"index":"index","follow":"follow","max-snippet":"max-snippet:-1","max-image-preview":"max-image-preview:large","max-video-preview":"max-video-preview:-1"},"canonical":"https:\/\/gl9.shop\/es\/terminos-y-condiciones\/","og_locale":"es_ES","og_type":"article","og_title":"T\u00e9rminos y condiciones | GL9","og_description":"El presente documento tiene como finalidad informar a los Usuarios respecto de los Datos Personales recogidos desde el sitio web www.gl9.shop (en adelante la \u00abAplicaci\u00f3n\u00bb). El Responsable del tratamiento, seg\u00fan se identificar\u00e1 posteriormente, podr\u00e1 modificar o simplemente actualizar, total o parcialmente, esta Informaci\u00f3n informando a los Usuarios. Los cambios y actualizaciones ser\u00e1n vinculantes tan pronto [&hellip;]","og_url":"https:\/\/gl9.shop\/es\/terminos-y-condiciones\/","og_site_name":"GL9","article_modified_time":"2023-08-28T13:52:13+00:00","twitter_card":"summary_large_image","twitter_misc":{"Tiempo de lectura":"7 minutos"},"schema":{"@context":"https:\/\/schema.org","@graph":[{"@type":"WebPage","@id":"https:\/\/gl9.shop\/es\/terminos-y-condiciones\/","url":"https:\/\/gl9.shop\/es\/terminos-y-condiciones\/","name":"T\u00e9rminos y condiciones | GL9","isPartOf":{"@id":"https:\/\/gl9.tempurl.host\/#website"},"datePublished":"2022-05-25T07:42:33+00:00","dateModified":"2023-08-28T13:52:13+00:00","breadcrumb":{"@id":"https:\/\/gl9.shop\/es\/terminos-y-condiciones\/#breadcrumb"},"inLanguage":"es","potentialAction":[{"@type":"ReadAction","target":["https:\/\/gl9.shop\/es\/terminos-y-condiciones\/"]}]},{"@type":"BreadcrumbList","@id":"https:\/\/gl9.shop\/es\/terminos-y-condiciones\/#breadcrumb","itemListElement":[{"@type":"ListItem","position":1,"name":"Home","item":"https:\/\/gl9.shop\/es\/"},{"@type":"ListItem","position":2,"name":"T\u00e9rminos y condiciones"}]},{"@type":"WebSite","@id":"https:\/\/gl9.tempurl.host\/#website","url":"https:\/\/gl9.tempurl.host\/","name":"GL9","description":"Hurban hero style for people","publisher":{"@id":"https:\/\/gl9.tempurl.host\/#organization"},"potentialAction":[{"@type":"SearchAction","target":{"@type":"EntryPoint","urlTemplate":"https:\/\/gl9.tempurl.host\/?s={search_term_string}"},"query-input":{"@type":"PropertyValueSpecification","valueRequired":true,"valueName":"search_term_string"}}],"inLanguage":"es"},{"@type":"Organization","@id":"https:\/\/gl9.tempurl.host\/#organization","name":"Gianluca Lapadula E-commerce","url":"https:\/\/gl9.tempurl.host\/","logo":{"@type":"ImageObject","inLanguage":"es","@id":"https:\/\/gl9.tempurl.host\/#\/schema\/logo\/image\/","url":"https:\/\/gl9.shop\/wp-content\/uploads\/2022\/07\/logo_black.png","contentUrl":"https:\/\/gl9.shop\/wp-content\/uploads\/2022\/07\/logo_black.png","width":320,"height":320,"caption":"Gianluca Lapadula E-commerce"},"image":{"@id":"https:\/\/gl9.tempurl.host\/#\/schema\/logo\/image\/"},"sameAs":["https:\/\/www.instagram.com\/gl9_official\/"]}]}},"_links":{"self":[{"href":"https:\/\/gl9.shop\/es\/wp-json\/wp\/v2\/pages\/5290","targetHints":{"allow":["GET"]}}],"collection":[{"href":"https:\/\/gl9.shop\/es\/wp-json\/wp\/v2\/pages"}],"about":[{"href":"https:\/\/gl9.shop\/es\/wp-json\/wp\/v2\/types\/page"}],"author":[{"embeddable":true,"href":"https:\/\/gl9.shop\/es\/wp-json\/wp\/v2\/users\/112"}],"replies":[{"embeddable":true,"href":"https:\/\/gl9.shop\/es\/wp-json\/wp\/v2\/comments?post=5290"}],"version-history":[{"count":0,"href":"https:\/\/gl9.shop\/es\/wp-json\/wp\/v2\/pages\/5290\/revisions"}],"wp:attachment":[{"href":"https:\/\/gl9.shop\/es\/wp-json\/wp\/v2\/media?parent=5290"}],"curies":[{"name":"wp","href":"https:\/\/api.w.org\/{rel}","templated":true}]}}